{"id":45,"date":"2022-12-18T15:36:02","date_gmt":"2022-12-18T14:36:02","guid":{"rendered":"http:\/\/www.coiffurenuance.fr\/?page_id=45"},"modified":"2024-11-24T14:19:10","modified_gmt":"2024-11-24T13:19:10","slug":"coiffeur-mixte-et-barbier-a-la-bijude","status":"publish","type":"page","link":"https:\/\/www.coiffurenuance.fr\/","title":{"rendered":"Accueil"},"content":{"rendered":"<div class=\"n2_clear\"><ss3-force-full-width data-overflow-x=\"html\" data-horizontal-selector=\"body\"><div class=\"n2-section-smartslider fitvidsignore  n2_clear\" data-ssid=\"2\" tabindex=\"0\" role=\"region\" aria-label=\"Slider\"><div id=\"n2-ss-2-align\" class=\"n2-ss-align\"><div class=\"n2-padding\"><div id=\"n2-ss-2\" data-creator=\"Smart Slider 3\" data-responsive=\"fullwidth\" class=\"n2-ss-slider n2-ow n2-has-hover n2notransition  \">\n        <div class=\"n2-ss-slider-1 n2_ss__touch_element n2-ow\">\n            <div class=\"n2-ss-slider-2 n2-ow\">\n                                                <div class=\"n2-ss-slider-3 n2-ow\">\n\n                    <div class=\"n2-ss-slide-backgrounds n2-ow-all\"><div class=\"n2-ss-slide-background\" data-public-id=\"1\" data-mode=\"fit\"><div class=\"n2-ss-slide-background-image\" data-blur=\"0\" data-opacity=\"100\" data-x=\"50\" data-y=\"50\" data-alt=\"\" data-title=\"\"><picture class=\"skip-lazy\" data-skip-lazy=\"1\"><img decoding=\"async\" src=\"\/\/www.coiffurenuance.fr\/wp-content\/uploads\/2024\/11\/20241028_161817-scaled.jpg\" alt=\"\" title=\"\" loading=\"lazy\" class=\"skip-lazy\" data-skip-lazy=\"1\"><\/picture><\/div><div data-color=\"RGBA(255,255,255,0)\" style=\"background-color: RGBA(255,255,255,0);\" class=\"n2-ss-slide-background-color\"><\/div><\/div><div class=\"n2-ss-slide-background\" data-public-id=\"2\" data-mode=\"fit\"><div class=\"n2-ss-slide-background-image\" data-blur=\"0\" data-opacity=\"100\" data-x=\"50\" data-y=\"50\" data-alt=\"\" data-title=\"\"><picture class=\"skip-lazy\" data-skip-lazy=\"1\"><img decoding=\"async\" src=\"\/\/www.coiffurenuance.fr\/wp-content\/uploads\/2024\/11\/20241028_161753-scaled.jpg\" alt=\"\" title=\"\" loading=\"lazy\" class=\"skip-lazy\" data-skip-lazy=\"1\"><\/picture><\/div><div data-color=\"RGBA(255,255,255,0)\" style=\"background-color: RGBA(255,255,255,0);\" class=\"n2-ss-slide-background-color\"><\/div><\/div><div class=\"n2-ss-slide-background\" data-public-id=\"3\" data-mode=\"fit\"><div class=\"n2-ss-slide-background-image\" data-blur=\"0\" data-opacity=\"100\" data-x=\"50\" data-y=\"50\" data-alt=\"\" data-title=\"\"><picture class=\"skip-lazy\" data-skip-lazy=\"1\"><img decoding=\"async\" src=\"\/\/www.coiffurenuance.fr\/wp-content\/uploads\/2024\/11\/20241028_161740-scaled.jpg\" alt=\"\" title=\"\" loading=\"lazy\" class=\"skip-lazy\" data-skip-lazy=\"1\"><\/picture><\/div><div data-color=\"RGBA(255,255,255,0)\" style=\"background-color: RGBA(255,255,255,0);\" class=\"n2-ss-slide-background-color\"><\/div><\/div><div class=\"n2-ss-slide-background\" data-public-id=\"4\" data-mode=\"fit\"><div class=\"n2-ss-slide-background-image\" data-blur=\"0\" data-opacity=\"100\" data-x=\"50\" data-y=\"50\" data-alt=\"\" data-title=\"\"><picture class=\"skip-lazy\" data-skip-lazy=\"1\"><img decoding=\"async\" src=\"\/\/www.coiffurenuance.fr\/wp-content\/uploads\/2024\/11\/20241028_161734-scaled.jpg\" alt=\"\" title=\"\" loading=\"lazy\" class=\"skip-lazy\" data-skip-lazy=\"1\"><\/picture><\/div><div data-color=\"RGBA(255,255,255,0)\" style=\"background-color: RGBA(255,255,255,0);\" class=\"n2-ss-slide-background-color\"><\/div><\/div><div class=\"n2-ss-slide-background\" data-public-id=\"5\" data-mode=\"fit\"><div class=\"n2-ss-slide-background-image\" data-blur=\"0\" data-opacity=\"100\" data-x=\"50\" data-y=\"50\" data-alt=\"\" data-title=\"\"><picture class=\"skip-lazy\" data-skip-lazy=\"1\"><img decoding=\"async\" src=\"\/\/www.coiffurenuance.fr\/wp-content\/uploads\/2024\/11\/20241028_161534-scaled.jpg\" alt=\"\" title=\"\" loading=\"lazy\" class=\"skip-lazy\" data-skip-lazy=\"1\"><\/picture><\/div><div data-color=\"RGBA(255,255,255,0)\" style=\"background-color: RGBA(255,255,255,0);\" class=\"n2-ss-slide-background-color\"><\/div><\/div><div class=\"n2-ss-slide-background\" data-public-id=\"6\" data-mode=\"fit\"><div class=\"n2-ss-slide-background-image\" data-blur=\"0\" data-opacity=\"100\" data-x=\"50\" data-y=\"50\" data-alt=\"\" data-title=\"\"><picture class=\"skip-lazy\" data-skip-lazy=\"1\"><img decoding=\"async\" src=\"\/\/www.coiffurenuance.fr\/wp-content\/uploads\/2024\/11\/20241028_161447-scaled.jpg\" alt=\"\" title=\"\" loading=\"lazy\" class=\"skip-lazy\" data-skip-lazy=\"1\"><\/picture><\/div><div data-color=\"RGBA(255,255,255,0)\" style=\"background-color: RGBA(255,255,255,0);\" class=\"n2-ss-slide-background-color\"><\/div><\/div><\/div>                    <div class=\"n2-ss-slider-4 n2-ow\">\n                        <svg xmlns=\"http:\/\/www.w3.org\/2000\/svg\" viewBox=\"0 0 1200 400\" data-related-device=\"desktopPortrait\" class=\"n2-ow n2-ss-preserve-size n2-ss-preserve-size--slider n2-ss-slide-limiter\"><\/svg><div data-first=\"1\" data-slide-duration=\"0\" data-id=\"17\" data-slide-public-id=\"1\" data-title=\"20241028_161817\" class=\"n2-ss-slide n2-ow  n2-ss-slide-17\"><div role=\"note\" class=\"n2-ss-slide--focus\" tabindex=\"-1\">20241028_161817<\/div><div class=\"n2-ss-layers-container n2-ss-slide-limiter n2-ow\"><div class=\"n2-ss-layer n2-ow n-uc-4CP7aw4TGvs3\" data-sstype=\"slide\" data-pm=\"default\"><\/div><\/div><\/div><div data-slide-duration=\"0\" data-id=\"18\" data-slide-public-id=\"2\" data-title=\"20241028_161753\" class=\"n2-ss-slide n2-ow  n2-ss-slide-18\"><div role=\"note\" class=\"n2-ss-slide--focus\" tabindex=\"-1\">20241028_161753<\/div><div class=\"n2-ss-layers-container n2-ss-slide-limiter n2-ow\"><div class=\"n2-ss-layer n2-ow n-uc-jqumk9chfjV9\" data-sstype=\"slide\" data-pm=\"default\"><\/div><\/div><\/div><div data-slide-duration=\"0\" data-id=\"19\" data-slide-public-id=\"3\" data-title=\"20241028_161740\" class=\"n2-ss-slide n2-ow  n2-ss-slide-19\"><div role=\"note\" class=\"n2-ss-slide--focus\" tabindex=\"-1\">20241028_161740<\/div><div class=\"n2-ss-layers-container n2-ss-slide-limiter n2-ow\"><div class=\"n2-ss-layer n2-ow n-uc-Qlg4Fj08rvwG\" data-sstype=\"slide\" data-pm=\"default\"><\/div><\/div><\/div><div data-slide-duration=\"0\" data-id=\"20\" data-slide-public-id=\"4\" data-title=\"20241028_161734\" class=\"n2-ss-slide n2-ow  n2-ss-slide-20\"><div role=\"note\" class=\"n2-ss-slide--focus\" tabindex=\"-1\">20241028_161734<\/div><div class=\"n2-ss-layers-container n2-ss-slide-limiter n2-ow\"><div class=\"n2-ss-layer n2-ow n-uc-6wee2SGE1a1f\" data-sstype=\"slide\" data-pm=\"default\"><\/div><\/div><\/div><div data-slide-duration=\"0\" data-id=\"21\" data-slide-public-id=\"5\" data-title=\"20241028_161534\" class=\"n2-ss-slide n2-ow  n2-ss-slide-21\"><div role=\"note\" class=\"n2-ss-slide--focus\" tabindex=\"-1\">20241028_161534<\/div><div class=\"n2-ss-layers-container n2-ss-slide-limiter n2-ow\"><div class=\"n2-ss-layer n2-ow n-uc-c9AKKFgI4KcS\" data-sstype=\"slide\" data-pm=\"default\"><\/div><\/div><\/div><div data-slide-duration=\"0\" data-id=\"22\" data-slide-public-id=\"6\" data-title=\"20241028_161447\" class=\"n2-ss-slide n2-ow  n2-ss-slide-22\"><div role=\"note\" class=\"n2-ss-slide--focus\" tabindex=\"-1\">20241028_161447<\/div><div class=\"n2-ss-layers-container n2-ss-slide-limiter n2-ow\"><div class=\"n2-ss-layer n2-ow n-uc-Q7cpmCJThqZT\" data-sstype=\"slide\" data-pm=\"default\"><\/div><\/div><\/div>                    <\/div>\n\n                                    <\/div>\n            <\/div>\n        <\/div>\n        <\/div><ss3-loader><\/ss3-loader><\/div><\/div><div class=\"n2_clear\"><\/div><\/div><\/ss3-force-full-width><\/div>\n\n\n\n\n\n\n\n\n\n\n\n\n\n\n<div class=\"wp-block-columns is-layout-flex wp-container-core-columns-is-layout-9d6595d7 wp-block-columns-is-layout-flex\">\n<div class=\"wp-block-column is-layout-flow wp-block-column-is-layout-flow\">\n\n\n\n\n\n\n\n\n\n\n\n\n\n\n\n\n\n\n\n\n\n\n\n\n\n\n\n\n\n\n\n\n\n\n\n\n\n\n\n\n\n\n\n\n<p><\/p>\n\n\n\n\n\n\n\n\n\n\n\n\n\n\n\n\n\n\n\n\n\n\n\n\n\n\n\n\n\n\n\n\n<\/div>\n<\/div>\n\n\n\n\n\n\n\n<p><\/p>\n","protected":false},"excerpt":{"rendered":"","protected":false},"author":1,"featured_media":0,"parent":0,"menu_order":0,"comment_status":"closed","ping_status":"closed","template":"","meta":{"saved_in_kubio":false,"footnotes":""},"class_list":["post-45","page","type-page","status-publish","hentry"],"kubio_ai_page_context":{"short_desc":"","purpose":"general"},"yoast_head":"<!-- This site is optimized with the Yoast SEO plugin v23.9 - https:\/\/yoast.com\/wordpress\/plugins\/seo\/ -->\n<title>Accueil - Salon de coiffure Nuance<\/title>\n<meta name=\"description\" content=\"Coiffeur mixte et Barbier \u00e0 la Bijude. nous proposons des services adapt\u00e9es \u00e0 vos souhaits et des produits de bonne qualit\u00e9 (L&#039;Or\u00e9al, K\u00e9rastase, Biocoiff, Eug\u00e8ne Perma).\" \/>\n<meta name=\"robots\" content=\"index, follow, max-snippet:-1, max-image-preview:large, max-video-preview:-1\" \/>\n<link rel=\"canonical\" href=\"https:\/\/www.coiffurenuance.fr\/\" \/>\n<meta property=\"og:locale\" content=\"fr_FR\" \/>\n<meta property=\"og:type\" content=\"article\" \/>\n<meta property=\"og:title\" content=\"Accueil - Salon de coiffure Nuance\" \/>\n<meta property=\"og:description\" content=\"Coiffeur mixte et Barbier \u00e0 la Bijude. nous proposons des services adapt\u00e9es \u00e0 vos souhaits et des produits de bonne qualit\u00e9 (L&#039;Or\u00e9al, K\u00e9rastase, Biocoiff, Eug\u00e8ne Perma).\" \/>\n<meta property=\"og:url\" content=\"https:\/\/www.coiffurenuance.fr\/\" \/>\n<meta property=\"og:site_name\" content=\"Salon de coiffure Nuance\" \/>\n<meta property=\"article:publisher\" content=\"https:\/\/www.facebook.com\/nuancecoiffurebijude\" \/>\n<meta property=\"article:modified_time\" content=\"2024-11-24T13:19:10+00:00\" \/>\n<meta name=\"twitter:card\" content=\"summary_large_image\" \/>\n<meta name=\"twitter:label1\" content=\"Dur\u00e9e de lecture estim\u00e9e\" \/>\n\t<meta name=\"twitter:data1\" content=\"5 minutes\" \/>\n<script type=\"application\/ld+json\" class=\"yoast-schema-graph\">{\"@context\":\"https:\/\/schema.org\",\"@graph\":[{\"@type\":\"WebPage\",\"@id\":\"https:\/\/www.coiffurenuance.fr\/\",\"url\":\"https:\/\/www.coiffurenuance.fr\/\",\"name\":\"Accueil - Salon de coiffure Nuance\",\"isPartOf\":{\"@id\":\"https:\/\/www.coiffurenuance.fr\/#website\"},\"datePublished\":\"2022-12-18T14:36:02+00:00\",\"dateModified\":\"2024-11-24T13:19:10+00:00\",\"description\":\"Coiffeur mixte et Barbier \u00e0 la Bijude. nous proposons des services adapt\u00e9es \u00e0 vos souhaits et des produits de bonne qualit\u00e9 (L'Or\u00e9al, K\u00e9rastase, Biocoiff, Eug\u00e8ne Perma).\",\"breadcrumb\":{\"@id\":\"https:\/\/www.coiffurenuance.fr\/#breadcrumb\"},\"inLanguage\":\"fr-FR\",\"potentialAction\":[{\"@type\":\"ReadAction\",\"target\":[\"https:\/\/www.coiffurenuance.fr\/\"]}]},{\"@type\":\"BreadcrumbList\",\"@id\":\"https:\/\/www.coiffurenuance.fr\/#breadcrumb\",\"itemListElement\":[{\"@type\":\"ListItem\",\"position\":1,\"name\":\"Accueil\",\"item\":\"https:\/\/www.coiffurenuance.fr\/\"},{\"@type\":\"ListItem\",\"position\":2,\"name\":\"Accueil\"}]},{\"@type\":\"WebSite\",\"@id\":\"https:\/\/www.coiffurenuance.fr\/#website\",\"url\":\"https:\/\/www.coiffurenuance.fr\/\",\"name\":\"Salon de coiffure Nuance\",\"description\":\"\",\"publisher\":{\"@id\":\"https:\/\/www.coiffurenuance.fr\/#organization\"},\"potentialAction\":[{\"@type\":\"SearchAction\",\"target\":{\"@type\":\"EntryPoint\",\"urlTemplate\":\"https:\/\/www.coiffurenuance.fr\/?s={search_term_string}\"},\"query-input\":{\"@type\":\"PropertyValueSpecification\",\"valueRequired\":true,\"valueName\":\"search_term_string\"}}],\"inLanguage\":\"fr-FR\"},{\"@type\":\"Organization\",\"@id\":\"https:\/\/www.coiffurenuance.fr\/#organization\",\"name\":\"Salon de coiffure Nuance\",\"url\":\"https:\/\/www.coiffurenuance.fr\/\",\"logo\":{\"@type\":\"ImageObject\",\"inLanguage\":\"fr-FR\",\"@id\":\"https:\/\/www.coiffurenuance.fr\/#\/schema\/logo\/image\/\",\"url\":\"https:\/\/www.coiffurenuance.fr\/wp-content\/uploads\/2022\/12\/logo_violet.jpg\",\"contentUrl\":\"https:\/\/www.coiffurenuance.fr\/wp-content\/uploads\/2022\/12\/logo_violet.jpg\",\"width\":723,\"height\":725,\"caption\":\"Salon de coiffure Nuance\"},\"image\":{\"@id\":\"https:\/\/www.coiffurenuance.fr\/#\/schema\/logo\/image\/\"},\"sameAs\":[\"https:\/\/www.facebook.com\/nuancecoiffurebijude\",\"https:\/\/www.instagram.com\/nuancelabijude\/\"]}]}<\/script>\n<!-- \/ Yoast SEO plugin. -->","yoast_head_json":{"title":"Accueil - Salon de coiffure Nuance","description":"Coiffeur mixte et Barbier \u00e0 la Bijude. nous proposons des services adapt\u00e9es \u00e0 vos souhaits et des produits de bonne qualit\u00e9 (L'Or\u00e9al, K\u00e9rastase, Biocoiff, Eug\u00e8ne Perma).","robots":{"index":"index","follow":"follow","max-snippet":"max-snippet:-1","max-image-preview":"max-image-preview:large","max-video-preview":"max-video-preview:-1"},"canonical":"https:\/\/www.coiffurenuance.fr\/","og_locale":"fr_FR","og_type":"article","og_title":"Accueil - Salon de coiffure Nuance","og_description":"Coiffeur mixte et Barbier \u00e0 la Bijude. nous proposons des services adapt\u00e9es \u00e0 vos souhaits et des produits de bonne qualit\u00e9 (L'Or\u00e9al, K\u00e9rastase, Biocoiff, Eug\u00e8ne Perma).","og_url":"https:\/\/www.coiffurenuance.fr\/","og_site_name":"Salon de coiffure Nuance","article_publisher":"https:\/\/www.facebook.com\/nuancecoiffurebijude","article_modified_time":"2024-11-24T13:19:10+00:00","twitter_card":"summary_large_image","twitter_misc":{"Dur\u00e9e de lecture estim\u00e9e":"5 minutes"},"schema":{"@context":"https:\/\/schema.org","@graph":[{"@type":"WebPage","@id":"https:\/\/www.coiffurenuance.fr\/","url":"https:\/\/www.coiffurenuance.fr\/","name":"Accueil - Salon de coiffure Nuance","isPartOf":{"@id":"https:\/\/www.coiffurenuance.fr\/#website"},"datePublished":"2022-12-18T14:36:02+00:00","dateModified":"2024-11-24T13:19:10+00:00","description":"Coiffeur mixte et Barbier \u00e0 la Bijude. nous proposons des services adapt\u00e9es \u00e0 vos souhaits et des produits de bonne qualit\u00e9 (L'Or\u00e9al, K\u00e9rastase, Biocoiff, Eug\u00e8ne Perma).","breadcrumb":{"@id":"https:\/\/www.coiffurenuance.fr\/#breadcrumb"},"inLanguage":"fr-FR","potentialAction":[{"@type":"ReadAction","target":["https:\/\/www.coiffurenuance.fr\/"]}]},{"@type":"BreadcrumbList","@id":"https:\/\/www.coiffurenuance.fr\/#breadcrumb","itemListElement":[{"@type":"ListItem","position":1,"name":"Accueil","item":"https:\/\/www.coiffurenuance.fr\/"},{"@type":"ListItem","position":2,"name":"Accueil"}]},{"@type":"WebSite","@id":"https:\/\/www.coiffurenuance.fr\/#website","url":"https:\/\/www.coiffurenuance.fr\/","name":"Salon de coiffure Nuance","description":"","publisher":{"@id":"https:\/\/www.coiffurenuance.fr\/#organization"},"potentialAction":[{"@type":"SearchAction","target":{"@type":"EntryPoint","urlTemplate":"https:\/\/www.coiffurenuance.fr\/?s={search_term_string}"},"query-input":{"@type":"PropertyValueSpecification","valueRequired":true,"valueName":"search_term_string"}}],"inLanguage":"fr-FR"},{"@type":"Organization","@id":"https:\/\/www.coiffurenuance.fr\/#organization","name":"Salon de coiffure Nuance","url":"https:\/\/www.coiffurenuance.fr\/","logo":{"@type":"ImageObject","inLanguage":"fr-FR","@id":"https:\/\/www.coiffurenuance.fr\/#\/schema\/logo\/image\/","url":"https:\/\/www.coiffurenuance.fr\/wp-content\/uploads\/2022\/12\/logo_violet.jpg","contentUrl":"https:\/\/www.coiffurenuance.fr\/wp-content\/uploads\/2022\/12\/logo_violet.jpg","width":723,"height":725,"caption":"Salon de coiffure Nuance"},"image":{"@id":"https:\/\/www.coiffurenuance.fr\/#\/schema\/logo\/image\/"},"sameAs":["https:\/\/www.facebook.com\/nuancecoiffurebijude","https:\/\/www.instagram.com\/nuancelabijude\/"]}]}},"_links":{"self":[{"href":"https:\/\/www.coiffurenuance.fr\/index.php\/wp-json\/wp\/v2\/pages\/45","targetHints":{"allow":["GET"]}}],"collection":[{"href":"https:\/\/www.coiffurenuance.fr\/index.php\/wp-json\/wp\/v2\/pages"}],"about":[{"href":"https:\/\/www.coiffurenuance.fr\/index.php\/wp-json\/wp\/v2\/types\/page"}],"author":[{"embeddable":true,"href":"https:\/\/www.coiffurenuance.fr\/index.php\/wp-json\/wp\/v2\/users\/1"}],"replies":[{"embeddable":true,"href":"https:\/\/www.coiffurenuance.fr\/index.php\/wp-json\/wp\/v2\/comments?post=45"}],"version-history":[{"count":105,"href":"https:\/\/www.coiffurenuance.fr\/index.php\/wp-json\/wp\/v2\/pages\/45\/revisions"}],"predecessor-version":[{"id":424,"href":"https:\/\/www.coiffurenuance.fr\/index.php\/wp-json\/wp\/v2\/pages\/45\/revisions\/424"}],"wp:attachment":[{"href":"https:\/\/www.coiffurenuance.fr\/index.php\/wp-json\/wp\/v2\/media?parent=45"}],"curies":[{"name":"wp","href":"https:\/\/api.w.org\/{rel}","templated":true}]}}